{"id":75,"date":"2016-01-23T18:05:28","date_gmt":"2016-01-23T17:05:28","guid":{"rendered":"http:\/\/myprods.fr\/?page_id=75"},"modified":"2016-01-24T17:55:12","modified_gmt":"2016-01-24T16:55:12","slug":"bien-preparer-son-morceau","status":"publish","type":"page","link":"http:\/\/myprods.fr\/index.php\/conseils\/bien-preparer-son-morceau\/","title":{"rendered":"Bien pr\u00e9parer son morceau"},"content":{"rendered":"<p>[et_pb_section admin_label=\u00a0\u00bbsection\u00a0\u00bb transparent_background=\u00a0\u00bboff\u00a0\u00bb background_color=\u00a0\u00bb#eeeeee\u00a0\u00bb allow_player_pause=\u00a0\u00bboff\u00a0\u00bb inner_shadow=\u00a0\u00bboff\u00a0\u00bb parallax=\u00a0\u00bboff\u00a0\u00bb parallax_method=\u00a0\u00bboff\u00a0\u00bb padding_mobile=\u00a0\u00bboff\u00a0\u00bb make_fullwidth=\u00a0\u00bboff\u00a0\u00bb use_custom_width=\u00a0\u00bboff\u00a0\u00bb width_unit=\u00a0\u00bbon\u00a0\u00bb make_equal=\u00a0\u00bboff\u00a0\u00bb use_custom_gutter=\u00a0\u00bboff\u00a0\u00bb gutter_width=\u00a0\u00bb3&Prime;][et_pb_row admin_label=\u00a0\u00bbrow\u00a0\u00bb][et_pb_column type=\u00a0\u00bb4_4&Prime;][et_pb_text admin_label=\u00a0\u00bbTexte\u00a0\u00bb background_layout=\u00a0\u00bblight\u00a0\u00bb text_orientation=\u00a0\u00bbleft\u00a0\u00bb text_font_size=\u00a0\u00bb14&Prime; use_border_color=\u00a0\u00bboff\u00a0\u00bb border_color=\u00a0\u00bb#ffffff\u00a0\u00bb border_style=\u00a0\u00bbsolid\u00a0\u00bb]<\/p>\n<h1 style=\"text-align: center;\">Bien pr\u00e9parer son morceau<\/h1>\n<h2>1) Les id\u00e9es<\/h2>\n<p>Ce qui est primordial dans un titre, ce sont les id\u00e9es.<\/p>\n<p>Un beau morceau n&rsquo;a pas besoin d&rsquo;un arrangement compliqu\u00e9 pour avoir du caract\u00e8re, il sonne tout simplement avec une guitare ou un piano en guise d&rsquo;accompagnement.<\/p>\n<p>Soyez critique envers vous, n&rsquo;investissez du temps que sur les id\u00e9es qui le m\u00e9ritent.<\/p>\n<p>[\/et_pb_text][\/et_pb_column][\/et_pb_row][et_pb_row admin_label=\u00a0\u00bbLigne\u00a0\u00bb][et_pb_column type=\u00a0\u00bb1_2&Prime;][et_pb_text admin_label=\u00a0\u00bbTexte\u00a0\u00bb background_layout=\u00a0\u00bblight\u00a0\u00bb text_orientation=\u00a0\u00bbleft\u00a0\u00bb text_font_size=\u00a0\u00bb14&Prime; use_border_color=\u00a0\u00bboff\u00a0\u00bb border_color=\u00a0\u00bb#ffffff\u00a0\u00bb border_style=\u00a0\u00bbsolid\u00a0\u00bb]<\/p>\n<h2>2) L&rsquo;arrangement<\/h2>\n<p>L&rsquo;arrangement doit correspondre \u00e0 votre style, et il convient de le construire autour de la m\u00e9lodie.<\/p>\n<p>Le mixage, aussi bon qu&rsquo;il soit, ne pourra pas faire ressortir les diff\u00e9rents instruments du morceau si l&rsquo;arrangement est surcharg\u00e9.<\/p>\n<p>C&rsquo;est en peaufinant l&rsquo;arrangement que l&rsquo;on va organiser les interventions des diff\u00e9rents instruments, afin d&rsquo;avoir une compl\u00e9mentarit\u00e9 des \u00e9l\u00e9ments.<\/p>\n<p>Par ailleurs, c&rsquo;est l&rsquo;arrangement qui va d\u00e9terminer la mani\u00e8re dont votre morceau groove : un bon arrangement est entra\u00eenant, sans forc\u00e9ment \u00eatre bien mix\u00e9.<\/p>\n<p>Prenez \u00e9galement du recul sur la dur\u00e9e de votre titre : pour certains, il suffira de 3 minutes pour tout dire, n&rsquo;en mettez pas plus. Certains autres pourront durer plus de 4 minutes sans que l&rsquo;auditeur ne s&rsquo;ennuie.<\/p>\n<h2>3) Le choix des sons<\/h2>\n<p>Parall\u00e8lement \u00e0 la mise au point de votre arrangement, il convient de bien choisir vos sonorit\u00e9s, afin que m\u00eame sans mixage, elles s&rsquo;accordent bien entre elles.<\/p>\n<h2>4) L&rsquo;enregistrement<\/h2>\n<p>La prise de son est une \u00e9tape cruciale : tous les d\u00e9fauts \u00e0 l&rsquo;enregistrement (distorsion, manque de d\u00e9finition, bruits parasites, etc.) ne pourront pas \u00eatre rattrap\u00e9s dans les \u00e9tapes suivante. Bien au contraire : les compressions successives vont les rendre encore plus \u00e9vidents.<\/p>\n<p>L&rsquo;exigence est la m\u00eame si vous utilisez des samples : ne les choisissez que de haute qualit\u00e9, tr\u00e8s dynamiques et tr\u00e8s bien d\u00e9finis.<\/p>\n<p>Veillez \u00e0 ce que chaque piste soit enregistr\u00e9e avec un niveau adapt\u00e9 (peak entre -6 et -12 db sur le vu-m\u00e8tre de votre logiciel).<\/p>\n<p>[\/et_pb_text][\/et_pb_column][et_pb_column type=\u00a0\u00bb1_2&Prime;][et_pb_image admin_label=\u00a0\u00bbImage\u00a0\u00bb src=\u00a0\u00bbhttp:\/\/myprods.fr\/wp-content\/uploads\/2016\/01\/MyprodsVerticalWide2.jpg\u00a0\u00bb alt=\u00a0\u00bbMyProds Studio Vertical Wide Shot\u00a0\u00bb show_in_lightbox=\u00a0\u00bboff\u00a0\u00bb url_new_window=\u00a0\u00bboff\u00a0\u00bb animation=\u00a0\u00bbfade_in\u00a0\u00bb sticky=\u00a0\u00bboff\u00a0\u00bb align=\u00a0\u00bbleft\u00a0\u00bb force_fullwidth=\u00a0\u00bboff\u00a0\u00bb always_center_on_mobile=\u00a0\u00bbon\u00a0\u00bb use_border_color=\u00a0\u00bboff\u00a0\u00bb border_color=\u00a0\u00bb#ffffff\u00a0\u00bb border_style=\u00a0\u00bbsolid\u00a0\u00bb]<\/p>\n<p>[\/et_pb_image][\/et_pb_column][\/et_pb_row][et_pb_row admin_label=\u00a0\u00bbrow\u00a0\u00bb][et_pb_column type=\u00a0\u00bb4_4&Prime;][et_pb_text admin_label=\u00a0\u00bbTexte\u00a0\u00bb background_layout=\u00a0\u00bblight\u00a0\u00bb text_orientation=\u00a0\u00bbleft\u00a0\u00bb text_font_size=\u00a0\u00bb14&Prime; use_border_color=\u00a0\u00bboff\u00a0\u00bb border_color=\u00a0\u00bb#ffffff\u00a0\u00bb border_style=\u00a0\u00bbsolid\u00a0\u00bb]<\/p>\n<p>Nous vous conseillons une r\u00e9solution de 24 bits avec une fr\u00e9quence comprise entre 44.1KHz et 192KHz selon la puissance de votre syst\u00e8me et le nombre de pistes.<\/p>\n<p>Si vous ne ma\u00eetrisez pas les probl\u00e8mes de phases, enregistrez la plupart de vos pistes en mono.<\/p>\n<p>Enregistrez le son naturel, sans traitement (\u00e9galisation, reverb, etc.), il sera toujours temps de le faire au mixage.<\/p>\n<h2>5) Le mixage<\/h2>\n<p>C&rsquo;est au mixage que vous allez mettre tous les instruments dans le m\u00eame paysage sonore, en effectuant des travaux d&rsquo;\u00e9galisation, de compression, de volumes, de reverb, de panoramiques, etc.<\/p>\n<p>Plus vous aurez soign\u00e9 les \u00e9tapes pr\u00e9c\u00e9dentes, moins vous aurez de travail au mixage.<\/p>\n<p>L&rsquo;\u00e9galisation consiste \u00e0 amplifier ou \u00e0 att\u00e9nuer certaines bandes de fr\u00e9quences sur les pistes, afin qu&rsquo;elles s&rsquo;imbriquent harmonieusement dans le spectre.<\/p>\n<p>Pour une \u00e9galisation naturelle, il est conseill\u00e9 d&rsquo;att\u00e9nuer les fr\u00e9quences trop pr\u00e9sentes, avant d&rsquo;amplifier les fr\u00e9quences que vous n&rsquo;entendez pas assez.<\/p>\n<p>Par exemple, si votre mix n&rsquo;est pas assez clair, \u00e9vitez d&rsquo;ajouter des aigus. Commencez plut\u00f4t par creuser les bandes de fr\u00e9quences encombr\u00e9es.<\/p>\n<p>Un incontournable du mixage : mettre un coupe-bas entre 80 et 120 Hz sur tous les instruments autres que la basse et la grosse caisse. Cela permet d&rsquo;a\u00e9rer consid\u00e9rablement votre son.<\/p>\n<p>La compression a pour but de modifier la dynamique d&rsquo;une piste afin qu&rsquo;elle s&rsquo;ins\u00e8re dans le mix sur toute sa dur\u00e9e. Selon son r\u00e9glage, la compression a deux effets :<\/p>\n<ul>\n<li>soit elle conserve l\u2019attaque du son, et r\u00e9duit le reste du signal. Cela permet \u00e0 un son de prendre moins de place dans un mixage tout en gardant son punch, c\u2019est utile pour un piano ou une basse par exemple,<\/li>\n<li>soit elle r\u00e9gule le volume du son afin d\u2019avoir plus de constance, c\u2019est utile pour une voix ou une guitare s\u00e8che par exemple.<\/li>\n<\/ul>\n<p>Une bonne gestion des volumes va permettre de minimiser les traitements d&rsquo;\u00e9galisation et de compression, ce qui donnera un r\u00e9sultat plus naturel.<\/p>\n<p>Sur les logiciels d&rsquo;enregistrement, l&rsquo;automation permet de faire varier le volume des pistes en cours de morceau.<\/p>\n<p>Imaginez par exemple que votre morceau commence par un piano-chant, et qu&rsquo;au premier refrain, une guitare vienne s&rsquo;ajouter. Dans ce cas, vous pouvez baisser le piano de 1dB pour laisser de la place \u00e0 la guitare.<\/p>\n<p>La reverb est utile pour donner un cot\u00e9 plus r\u00e9aliste et moins sec \u00e0 votre mixage.<\/p>\n<p>La bonne gestion des reverbs permet de donner une sensation de relief, et de situation des instruments les uns par rapport aux autres.<\/p>\n<p>Le choix du type de reverb (hall, room, plate) est une affaire de go\u00fbts et va d\u00e9terminer l&rsquo;ambiance du morceau.<\/p>\n<p>Il est possible de r\u00e9gler les param\u00e8tres temporels de vos reverb (pr\u00e9d\u00e9lai, dur\u00e9e) de sorte \u00e0 ce que la reverb agisse en rythme, et participe au groove du morceau.<\/p>\n<p>Le panoramique est la r\u00e9partition gauche-droite des instruments. Il est d&rsquo;usage de mettre les sons les plus \u00e9nerg\u00e9tiques au milieu (grosse caisse, basse, voix).<\/p>\n<p>Selon nous, le mixage doit tout d&rsquo;abord sonner convenablement en mono, pour bien sonner en st\u00e9r\u00e9o. Pensez aux gens qui \u00e9couteront votre titre sur un radio-r\u00e9veil !<\/p>\n<p>Pour partir sur de bonnes bases, il vaut mieux poss\u00e9der peu de plugins et bien les conna\u00eetre.<\/p>\n<p>[\/et_pb_text][\/et_pb_column][\/et_pb_row][et_pb_row admin_label=\u00a0\u00bbrow\u00a0\u00bb][et_pb_column type=\u00a0\u00bb4_4&Prime;][et_pb_text admin_label=\u00a0\u00bbTexte\u00a0\u00bb background_layout=\u00a0\u00bblight\u00a0\u00bb text_orientation=\u00a0\u00bbleft\u00a0\u00bb text_font_size=\u00a0\u00bb14&Prime; use_border_color=\u00a0\u00bboff\u00a0\u00bb border_color=\u00a0\u00bb#ffffff\u00a0\u00bb border_style=\u00a0\u00bbsolid\u00a0\u00bb disabled=\u00a0\u00bbon\u00a0\u00bb]<\/p>\n<h1 style=\"text-align: center;\">Bien pr\u00e9parer son morceau<\/h1>\n<h2>1) Les id\u00e9es<\/h2>\n<p>Ce qui est primordial dans un titre, ce sont les id\u00e9es.<\/p>\n<p>Un beau morceau n&rsquo;a pas besoin d&rsquo;un arrangement compliqu\u00e9 pour avoir du caract\u00e8re, il sonne tout simplement avec une guitare ou un piano en guise d&rsquo;accompagnement.<\/p>\n<p>Soyez critique envers vous, n&rsquo;investissez du temps que sur les id\u00e9es qui le m\u00e9ritent.<\/p>\n<h2>2) L&rsquo;arrangement<\/h2>\n<p>L&rsquo;arrangement doit correspondre \u00e0 votre style, et il convient de le construire autour de la m\u00e9lodie.<\/p>\n<p>Le mixage, aussi bon qu&rsquo;il soit, ne pourra pas faire ressortir les diff\u00e9rents instruments du morceau si l&rsquo;arrangement est surcharg\u00e9.<\/p>\n<p>C&rsquo;est en peaufinant l&rsquo;arrangement que l&rsquo;on va organiser les interventions des diff\u00e9rents instruments, afin d&rsquo;avoir une compl\u00e9mentarit\u00e9 des \u00e9l\u00e9ments.<\/p>\n<p>Par ailleurs, c&rsquo;est l&rsquo;arrangement qui va d\u00e9terminer la mani\u00e8re dont votre morceau groove : un bon arrangement est entra\u00eenant, sans forc\u00e9ment \u00eatre bien mix\u00e9.<\/p>\n<p>Prenez \u00e9galement du recul sur la dur\u00e9e de votre titre : pour certains, il suffira de 3 minutes pour tout dire, n&rsquo;en mettez pas plus. Certains autres pourront durer plus de 4 minutes sans que l&rsquo;auditeur ne s&rsquo;ennuie.<\/p>\n<h2>3) Le choix des sons<\/h2>\n<p>Parall\u00e8lement \u00e0 la mise au point de votre arrangement, il convient de bien choisir vos sonorit\u00e9s, afin que m\u00eame sans mixage, elles s&rsquo;accordent bien entre elles.<\/p>\n<h2>4) L&rsquo;enregistrement<\/h2>\n<p>La prise de son est une \u00e9tape cruciale : tous les d\u00e9fauts \u00e0 l&rsquo;enregistrement (distorsion, manque de d\u00e9finition, bruits parasites, etc.) ne pourront pas \u00eatre rattrap\u00e9s dans les \u00e9tapes suivante. Bien au contraire : les compressions successives vont les rendre encore plus \u00e9vidents.<\/p>\n<p>L&rsquo;exigence est la m\u00eame si vous utilisez des samples : ne les choisissez que de haute qualit\u00e9, tr\u00e8s dynamiques et tr\u00e8s bien d\u00e9finis.<\/p>\n<p>Veillez \u00e0 ce que chaque piste soit enregistr\u00e9e avec un niveau adapt\u00e9 (peak entre -6 et -12 db sur le vu-m\u00e8tre de votre logiciel).<\/p>\n<p>Nous vous conseillons une r\u00e9solution de 24 bits avec une fr\u00e9quence comprise entre 44.1KHz et 192KHz selon la puissance de votre syst\u00e8me et le nombre de pistes.<\/p>\n<p>Si vous ne ma\u00eetrisez pas les probl\u00e8mes de phases, enregistrez la plupart de vos pistes en mono.<\/p>\n<p>Enregistrez le son naturel, sans traitement (\u00e9galisation, reverb, etc.), il sera toujours temps de le faire au mixage.<\/p>\n<h2>5) Le mixage<\/h2>\n<p>C&rsquo;est au mixage que vous allez mettre tous les instruments dans le m\u00eame paysage sonore, en effectuant des travaux d&rsquo;\u00e9galisation, de compression, de volumes, de reverb, de panoramiques, etc.<\/p>\n<p>Plus vous aurez soign\u00e9 les \u00e9tapes pr\u00e9c\u00e9dentes, moins vous aurez de travail au mixage.<\/p>\n<p>L&rsquo;\u00e9galisation consiste \u00e0 amplifier ou \u00e0 att\u00e9nuer certaines bandes de fr\u00e9quences sur les pistes, afin qu&rsquo;elles s&rsquo;imbriquent harmonieusement dans le spectre.<\/p>\n<p>Pour une \u00e9galisation naturelle, il est conseill\u00e9 d&rsquo;att\u00e9nuer les fr\u00e9quences trop pr\u00e9sentes, avant d&rsquo;amplifier les fr\u00e9quences que vous n&rsquo;entendez pas assez.<\/p>\n<p>Par exemple, si votre mix n&rsquo;est pas assez clair, \u00e9vitez d&rsquo;ajouter des aigus. Commencez plut\u00f4t par creuser les bandes de fr\u00e9quences encombr\u00e9es.<\/p>\n<p>Un incontournable du mixage : mettre un coupe-bas entre 80 et 120 Hz sur tous les instruments autres que la basse et la grosse caisse. Cela permet d&rsquo;a\u00e9rer consid\u00e9rablement votre son.<\/p>\n<p>La compression a pour but de modifier la dynamique d&rsquo;une piste afin qu&rsquo;elle s&rsquo;ins\u00e8re dans le mix sur toute sa dur\u00e9e. Selon son r\u00e9glage, la compression a deux effets :<\/p>\n<ul>\n<li>soit elle conserve l\u2019attaque du son, et r\u00e9duit le reste du signal. Cela permet \u00e0 un son de prendre moins de place dans un mixage tout en gardant son punch, c\u2019est utile pour un piano ou une basse par exemple,<\/li>\n<li>soit elle r\u00e9gule le volume du son afin d\u2019avoir plus de constance, c\u2019est utile pour une voix ou une guitare s\u00e8che par exemple.<\/li>\n<\/ul>\n<p>Une bonne gestion des volumes va permettre de minimiser les traitements d&rsquo;\u00e9galisation et de compression, ce qui donnera un r\u00e9sultat plus naturel.<\/p>\n<p>Sur les logiciels d&rsquo;enregistrement, l&rsquo;automation permet de faire varier le volume des pistes en cours de morceau.<\/p>\n<p>Imaginez par exemple que votre morceau commence par un piano-chant, et qu&rsquo;au premier refrain, une guitare vienne s&rsquo;ajouter. Dans ce cas, vous pouvez baisser le piano de 1dB pour laisser de la place \u00e0 la guitare.<\/p>\n<p>La reverb est utile pour donner un cot\u00e9 plus r\u00e9aliste et moins sec \u00e0 votre mixage.<\/p>\n<p>La bonne gestion des reverbs permet de donner une sensation de relief, et de situation des instruments les uns par rapport aux autres.<\/p>\n<p>Le choix du type de reverb (hall, room, plate) est une affaire de go\u00fbts et va d\u00e9terminer l&rsquo;ambiance du morceau.<\/p>\n<p>Il est possible de r\u00e9gler les param\u00e8tres temporels de vos reverb (pr\u00e9d\u00e9lai, dur\u00e9e) de sorte \u00e0 ce que la reverb agisse en rythme, et participe au groove du morceau.<\/p>\n<p>Le panoramique est la r\u00e9partition gauche-droite des instruments. Il est d&rsquo;usage de mettre les sons les plus \u00e9nerg\u00e9tiques au milieu (grosse caisse, basse, voix).<\/p>\n<p>Selon nous, le mixage doit tout d&rsquo;abord sonner convenablement en mono, pour bien sonner en st\u00e9r\u00e9o. Pensez aux gens qui \u00e9couteront votre titre sur un radio-r\u00e9veil !<\/p>\n<p>Pour partir sur de bonnes bases, il vaut mieux poss\u00e9der peu de plugins et bien les conna\u00eetre.<\/p>\n<p>[\/et_pb_text][\/et_pb_column][\/et_pb_row][\/et_pb_section]<\/p>\n","protected":false},"excerpt":{"rendered":"<p>Bien pr\u00e9parer son morceau 1) Les id\u00e9es Ce qui est primordial dans un titre, ce sont les id\u00e9es. Un beau morceau n&rsquo;a pas besoin d&rsquo;un arrangement compliqu\u00e9 pour avoir du caract\u00e8re, il sonne tout simplement avec une guitare ou un piano en guise d&rsquo;accompagnement. Soyez critique envers vous, n&rsquo;investissez du temps que sur les id\u00e9es [&hellip;]<\/p>\n","protected":false},"author":1,"featured_media":0,"parent":71,"menu_order":0,"comment_status":"closed","ping_status":"closed","template":"","meta":{"_et_pb_use_builder":"on","_et_pb_old_content":"","_et_gb_content_width":"","footnotes":""},"class_list":["post-75","page","type-page","status-publish","hentry"],"_links":{"self":[{"href":"http:\/\/myprods.fr\/index.php\/wp-json\/wp\/v2\/pages\/75","targetHints":{"allow":["GET"]}}],"collection":[{"href":"http:\/\/myprods.fr\/index.php\/wp-json\/wp\/v2\/pages"}],"about":[{"href":"http:\/\/myprods.fr\/index.php\/wp-json\/wp\/v2\/types\/page"}],"author":[{"embeddable":true,"href":"http:\/\/myprods.fr\/index.php\/wp-json\/wp\/v2\/users\/1"}],"replies":[{"embeddable":true,"href":"http:\/\/myprods.fr\/index.php\/wp-json\/wp\/v2\/comments?post=75"}],"version-history":[{"count":15,"href":"http:\/\/myprods.fr\/index.php\/wp-json\/wp\/v2\/pages\/75\/revisions"}],"predecessor-version":[{"id":407,"href":"http:\/\/myprods.fr\/index.php\/wp-json\/wp\/v2\/pages\/75\/revisions\/407"}],"up":[{"embeddable":true,"href":"http:\/\/myprods.fr\/index.php\/wp-json\/wp\/v2\/pages\/71"}],"wp:attachment":[{"href":"http:\/\/myprods.fr\/index.php\/wp-json\/wp\/v2\/media?parent=75"}],"curies":[{"name":"wp","href":"https:\/\/api.w.org\/{rel}","templated":true}]}}