{"id":77,"date":"2016-01-23T18:06:34","date_gmt":"2016-01-23T17:06:34","guid":{"rendered":"http:\/\/myprods.fr\/?page_id=77"},"modified":"2016-01-24T15:07:01","modified_gmt":"2016-01-24T14:07:01","slug":"optimiser-son-studio","status":"publish","type":"page","link":"http:\/\/myprods.fr\/index.php\/conseils\/optimiser-son-studio\/","title":{"rendered":"Optimiser son studio"},"content":{"rendered":"<p>[et_pb_section admin_label=\u00a0\u00bbsection\u00a0\u00bb transparent_background=\u00a0\u00bboff\u00a0\u00bb background_color=\u00a0\u00bb#eeeeee\u00a0\u00bb allow_player_pause=\u00a0\u00bboff\u00a0\u00bb inner_shadow=\u00a0\u00bboff\u00a0\u00bb parallax=\u00a0\u00bboff\u00a0\u00bb parallax_method=\u00a0\u00bboff\u00a0\u00bb padding_mobile=\u00a0\u00bboff\u00a0\u00bb make_fullwidth=\u00a0\u00bboff\u00a0\u00bb use_custom_width=\u00a0\u00bboff\u00a0\u00bb width_unit=\u00a0\u00bbon\u00a0\u00bb make_equal=\u00a0\u00bboff\u00a0\u00bb use_custom_gutter=\u00a0\u00bboff\u00a0\u00bb gutter_width=\u00a0\u00bb3&Prime;][et_pb_row admin_label=\u00a0\u00bbrow\u00a0\u00bb][et_pb_column type=\u00a0\u00bb4_4&Prime;][et_pb_text admin_label=\u00a0\u00bbTexte\u00a0\u00bb background_layout=\u00a0\u00bblight\u00a0\u00bb text_orientation=\u00a0\u00bbleft\u00a0\u00bb text_font_size=\u00a0\u00bb14&Prime; use_border_color=\u00a0\u00bboff\u00a0\u00bb border_color=\u00a0\u00bb#ffffff\u00a0\u00bb border_style=\u00a0\u00bbsolid\u00a0\u00bb]<\/p>\n<h1 style=\"text-align: center;\">Optimiser son studio<\/h1>\n<h2>1) Qualit\u00e9 du mat\u00e9riel<\/h2>\n<p>Avant de mettre en cause le mat\u00e9riel dans la qualit\u00e9 de votre travail, mettez-vous en cause vous-m\u00eame.<\/p>\n<p>Avant d\u2019acqu\u00e9rir de nouveaux \u00e9l\u00e9ments pour votre studio, essayez de tirer le maximum de ce que vous avez d\u00e9j\u00e0, c\u2019est beaucoup plus formateur et moins couteux !<\/p>\n<p>Quels que soient les moyens que vous consacrez \u00e0 votre home studio, la r\u00e8gle de base est l\u2019homog\u00e9n\u00e9it\u00e9.<\/p>\n<p>Il est judicieux de r\u00e9partir \u00e9quitablement votre budget entre les postes suivants :<\/p>\n<ul>\n<li>Microphones,<\/li>\n<li>C\u00e2bles,<\/li>\n<li>Enceintes,<\/li>\n<li>Pr\u00e9amplis,<\/li>\n<li>Convertisseurs,<\/li>\n<li>Logiciel d&rsquo;enregistrement,<\/li>\n<li>Effets (plugins ou hardware),<\/li>\n<li>Ordinateur,<\/li>\n<li>Insonorisation,<\/li>\n<li>Accessoires (pieds, anti-pop, meubles).<\/li>\n<\/ul>\n<p>De nombreux \u00ab home-studistes \u00bb ne sont pas sensibilis\u00e9s \u00e0 la qualit\u00e9 du pr\u00e9ampli, car celui-ci est souvent associ\u00e9 au convertisseur dans une m\u00eame carte son, on ne le consid\u00e8re donc pas comme un \u00e9l\u00e9ment \u00e0 part enti\u00e8re de la chaine audio.<\/p>\n<p>C\u2019est pourtant un maillon essentiel, une \u00ab caisse de r\u00e9sonance \u00bb qui va vous permettre d&rsquo;enregistrer toutes les composantes du son que vous captez.<\/p>\n<h2>2) Plugins ou hardware ?<\/h2>\n<p>Il vaut mieux un plugin bien r\u00e9gl\u00e9 qu&rsquo;un hardware haut de gamme r\u00e9gl\u00e9 au hasard.<\/p>\n<p>Le principal outil de votre home studio, ce sont vos oreilles. Nous vous conseillons donc de les \u00e9duquer en analysant vos disques pr\u00e9f\u00e9r\u00e9s et en vous en inspirant.<\/p>\n<p>Un bon compromis entre co\u00fbt de production et qualit\u00e9 de son consiste \u00e0 mixer en software, et \u00e0 masteriser en hardware.<\/p>\n<p>[\/et_pb_text][\/et_pb_column][\/et_pb_row][\/et_pb_section]<\/p>\n","protected":false},"excerpt":{"rendered":"<p>Optimiser son studio 1) Qualit\u00e9 du mat\u00e9riel Avant de mettre en cause le mat\u00e9riel dans la qualit\u00e9 de votre travail, mettez-vous en cause vous-m\u00eame. Avant d\u2019acqu\u00e9rir de nouveaux \u00e9l\u00e9ments pour votre studio, essayez de tirer le maximum de ce que vous avez d\u00e9j\u00e0, c\u2019est beaucoup plus formateur et moins couteux ! Quels que soient les [&hellip;]<\/p>\n","protected":false},"author":1,"featured_media":0,"parent":71,"menu_order":0,"comment_status":"closed","ping_status":"closed","template":"","meta":{"_et_pb_use_builder":"on","_et_pb_old_content":"","_et_gb_content_width":"","footnotes":""},"class_list":["post-77","page","type-page","status-publish","hentry"],"_links":{"self":[{"href":"http:\/\/myprods.fr\/index.php\/wp-json\/wp\/v2\/pages\/77","targetHints":{"allow":["GET"]}}],"collection":[{"href":"http:\/\/myprods.fr\/index.php\/wp-json\/wp\/v2\/pages"}],"about":[{"href":"http:\/\/myprods.fr\/index.php\/wp-json\/wp\/v2\/types\/page"}],"author":[{"embeddable":true,"href":"http:\/\/myprods.fr\/index.php\/wp-json\/wp\/v2\/users\/1"}],"replies":[{"embeddable":true,"href":"http:\/\/myprods.fr\/index.php\/wp-json\/wp\/v2\/comments?post=77"}],"version-history":[{"count":6,"href":"http:\/\/myprods.fr\/index.php\/wp-json\/wp\/v2\/pages\/77\/revisions"}],"predecessor-version":[{"id":357,"href":"http:\/\/myprods.fr\/index.php\/wp-json\/wp\/v2\/pages\/77\/revisions\/357"}],"up":[{"embeddable":true,"href":"http:\/\/myprods.fr\/index.php\/wp-json\/wp\/v2\/pages\/71"}],"wp:attachment":[{"href":"http:\/\/myprods.fr\/index.php\/wp-json\/wp\/v2\/media?parent=77"}],"curies":[{"name":"wp","href":"https:\/\/api.w.org\/{rel}","templated":true}]}}