{"id":93,"date":"2016-01-23T18:13:09","date_gmt":"2016-01-23T17:13:09","guid":{"rendered":"http:\/\/myprods.fr\/?page_id=93"},"modified":"2016-01-24T15:00:04","modified_gmt":"2016-01-24T14:00:04","slug":"pop","status":"publish","type":"page","link":"http:\/\/myprods.fr\/index.php\/references\/pop\/","title":{"rendered":"Pop"},"content":{"rendered":"<p>[et_pb_section admin_label=\u00a0\u00bbsection\u00a0\u00bb transparent_background=\u00a0\u00bboff\u00a0\u00bb background_color=\u00a0\u00bb#eeeeee\u00a0\u00bb allow_player_pause=\u00a0\u00bboff\u00a0\u00bb inner_shadow=\u00a0\u00bboff\u00a0\u00bb parallax=\u00a0\u00bboff\u00a0\u00bb parallax_method=\u00a0\u00bboff\u00a0\u00bb padding_mobile=\u00a0\u00bboff\u00a0\u00bb make_fullwidth=\u00a0\u00bboff\u00a0\u00bb use_custom_width=\u00a0\u00bboff\u00a0\u00bb width_unit=\u00a0\u00bbon\u00a0\u00bb make_equal=\u00a0\u00bboff\u00a0\u00bb use_custom_gutter=\u00a0\u00bboff\u00a0\u00bb gutter_width=\u00a0\u00bb3&Prime;][et_pb_row admin_label=\u00a0\u00bbrow\u00a0\u00bb][et_pb_column type=\u00a0\u00bb4_4&Prime;][et_pb_text admin_label=\u00a0\u00bbTexte\u00a0\u00bb background_layout=\u00a0\u00bblight\u00a0\u00bb text_orientation=\u00a0\u00bbleft\u00a0\u00bb text_font_size=\u00a0\u00bb14&Prime; use_border_color=\u00a0\u00bboff\u00a0\u00bb border_color=\u00a0\u00bb#ffffff\u00a0\u00bb border_style=\u00a0\u00bbsolid\u00a0\u00bb]<\/p>\n<h1 style=\"text-align: center;\">Pop<\/h1>\n<p>Ce titre a \u00e9t\u00e9 enregistr\u00e9 live au pub rock \u00ab\u00a0Chez Paulette\u00a0\u00bb, mix\u00e9 dans notre studio partenaire \u00ab\u00a0La Desmaison\u00a0\u00bb, et masteris\u00e9 chez MyProds<\/p>\n<p>[\/et_pb_text][et_pb_video admin_label=\u00a0\u00bbVid\u00e9o\u00a0\u00bb src=\u00a0\u00bbhttps:\/\/youtu.be\/NftbAdGWlTI\u00a0\u00bb] [\/et_pb_video][\/et_pb_column][\/et_pb_row][\/et_pb_section]<\/p>\n","protected":false},"excerpt":{"rendered":"<p>Pop Ce titre a \u00e9t\u00e9 enregistr\u00e9 live au pub rock \u00ab\u00a0Chez Paulette\u00a0\u00bb, mix\u00e9 dans notre studio partenaire \u00ab\u00a0La Desmaison\u00a0\u00bb, et masteris\u00e9 chez MyProds<\/p>\n","protected":false},"author":1,"featured_media":0,"parent":87,"menu_order":0,"comment_status":"closed","ping_status":"closed","template":"","meta":{"_et_pb_use_builder":"on","_et_pb_old_content":"","_et_gb_content_width":"","footnotes":""},"class_list":["post-93","page","type-page","status-publish","hentry"],"_links":{"self":[{"href":"http:\/\/myprods.fr\/index.php\/wp-json\/wp\/v2\/pages\/93","targetHints":{"allow":["GET"]}}],"collection":[{"href":"http:\/\/myprods.fr\/index.php\/wp-json\/wp\/v2\/pages"}],"about":[{"href":"http:\/\/myprods.fr\/index.php\/wp-json\/wp\/v2\/types\/page"}],"author":[{"embeddable":true,"href":"http:\/\/myprods.fr\/index.php\/wp-json\/wp\/v2\/users\/1"}],"replies":[{"embeddable":true,"href":"http:\/\/myprods.fr\/index.php\/wp-json\/wp\/v2\/comments?post=93"}],"version-history":[{"count":5,"href":"http:\/\/myprods.fr\/index.php\/wp-json\/wp\/v2\/pages\/93\/revisions"}],"predecessor-version":[{"id":351,"href":"http:\/\/myprods.fr\/index.php\/wp-json\/wp\/v2\/pages\/93\/revisions\/351"}],"up":[{"embeddable":true,"href":"http:\/\/myprods.fr\/index.php\/wp-json\/wp\/v2\/pages\/87"}],"wp:attachment":[{"href":"http:\/\/myprods.fr\/index.php\/wp-json\/wp\/v2\/media?parent=93"}],"curies":[{"name":"wp","href":"https:\/\/api.w.org\/{rel}","templated":true}]}}