{"id":73,"date":"2016-01-23T18:03:39","date_gmt":"2016-01-23T17:03:39","guid":{"rendered":"http:\/\/myprods.fr\/?page_id=73"},"modified":"2016-01-24T17:39:08","modified_gmt":"2016-01-24T16:39:08","slug":"quest-ce-que-le-mastering","status":"publish","type":"page","link":"https:\/\/myprods.fr\/index.php\/conseils\/quest-ce-que-le-mastering\/","title":{"rendered":"Qu&rsquo;est-ce que le mastering ?"},"content":{"rendered":"<p>[et_pb_section admin_label=\u00a0\u00bbsection\u00a0\u00bb transparent_background=\u00a0\u00bboff\u00a0\u00bb background_color=\u00a0\u00bb#eeeeee\u00a0\u00bb allow_player_pause=\u00a0\u00bboff\u00a0\u00bb inner_shadow=\u00a0\u00bboff\u00a0\u00bb parallax=\u00a0\u00bboff\u00a0\u00bb parallax_method=\u00a0\u00bboff\u00a0\u00bb padding_mobile=\u00a0\u00bboff\u00a0\u00bb make_fullwidth=\u00a0\u00bboff\u00a0\u00bb use_custom_width=\u00a0\u00bboff\u00a0\u00bb width_unit=\u00a0\u00bbon\u00a0\u00bb make_equal=\u00a0\u00bboff\u00a0\u00bb use_custom_gutter=\u00a0\u00bboff\u00a0\u00bb gutter_width=\u00a0\u00bb3&Prime;][et_pb_row admin_label=\u00a0\u00bbrow\u00a0\u00bb][et_pb_column type=\u00a0\u00bb4_4&Prime;][et_pb_text admin_label=\u00a0\u00bbTexte\u00a0\u00bb background_layout=\u00a0\u00bblight\u00a0\u00bb text_orientation=\u00a0\u00bbleft\u00a0\u00bb text_font_size=\u00a0\u00bb14&Prime; use_border_color=\u00a0\u00bboff\u00a0\u00bb border_color=\u00a0\u00bb#ffffff\u00a0\u00bb border_style=\u00a0\u00bbsolid\u00a0\u00bb]<\/p>\n<h1 style=\"text-align: center;\">Qu\u2019est-ce que le mastering ?<\/h1>\n<p>Le mastering a pour r\u00f4le d&rsquo;optimiser les pistes d&rsquo;un album en termes de couleur (\u00e9quilibre entre les bandes de fr\u00e9quences), de compacit\u00e9 dynamique (perception relative des attaques et des sons tenus) et de volume RMS (\u00e9nergie \u00e9mise par les enceintes pour un d\u00e9placement cr\u00eate donn\u00e9).<\/p>\n<p>Chez Myprods, nous utilisons dans la plupart des cas une m\u00e9thode tr\u00e8s classique de mastering, en trois \u00e9tapes :<\/p>\n<p>[\/et_pb_text][\/et_pb_column][\/et_pb_row][et_pb_row admin_label=\u00a0\u00bbLigne\u00a0\u00bb][et_pb_column type=\u00a0\u00bb1_2&Prime;][et_pb_text admin_label=\u00a0\u00bbTexte\u00a0\u00bb background_layout=\u00a0\u00bblight\u00a0\u00bb text_orientation=\u00a0\u00bbleft\u00a0\u00bb text_font_size=\u00a0\u00bb14&Prime; use_border_color=\u00a0\u00bboff\u00a0\u00bb border_color=\u00a0\u00bb#ffffff\u00a0\u00bb border_style=\u00a0\u00bbsolid\u00a0\u00bb]<\/p>\n<h2>1) L&rsquo;\u00e9galisation<\/h2>\n<p>L&rsquo;\u00e9galisation au mastering permet de modifier la couleur de votre mixage, de sorte \u00e0 donner une sensation de son plus ouvert.<\/p>\n<h2>2) La compression analogique<\/h2>\n<p>La compression au mastering permet de cr\u00e9er un liant entre les pistes mix\u00e9es.<\/p>\n<p>D&rsquo;un ensemble d&rsquo;instruments superpos\u00e9s, on obtient une sensation de groupe qui joue.<\/p>\n<p>On utilise souvent deux voire trois compresseurs en s\u00e9rie, chaque \u00e9tape apportant sa petite touche au son.<\/p>\n<p>Une technique fr\u00e9quemment utilis\u00e9e en mastering est la \u00ab\u00a0Compression Parall\u00e8le\u00a0\u00bb. Elle consiste \u00e0 mixer le son compress\u00e9 et le son<br \/>\nnon compress\u00e9. Cette technique permet d&rsquo;avoir un bon compromis entre punch per\u00e7u et douceur du son.<\/p>\n<h2>3) La limitation num\u00e9rique<\/h2>\n<p>La limitation permet de monter le volume per\u00e7u de votre musique. Le principe est de r\u00e9duire les pics de volume, pour ensuite appliquer un gain positif au son global. Il existe deux techniques de limitation num\u00e9rique :<\/p>\n<ul>\n<li>le hard clipping : on sature l\u00e9g\u00e8rement l&rsquo;entr\u00e9e des convertisseurs A\/N en bout de la chaine de mastering, ce qui provoque naturellement un \u00e9cr\u00eatage anguleux. Cette technique n&rsquo;est valable qu&rsquo;avec des convertisseurs de haute qualit\u00e9 (PrismSound,Lavry Gold, etc.),<\/li>\n<li>le soft clipping : dans ce cas, c&rsquo;est un logiciel ou un hardware sp\u00e9cifique qui \u00e9cr\u00eate le signal. La fonction look-ahead (capacit\u00e9 d&rsquo;analyser le signal par anticipation) permet alors de r\u00e9agir de mani\u00e8re plus douce et de ma\u00eetriser la courbe de r\u00e9duction de gain.<\/li>\n<\/ul>\n<p>[\/et_pb_text][\/et_pb_column][et_pb_column type=\u00a0\u00bb1_2&Prime;][et_pb_image admin_label=\u00a0\u00bbImage\u00a0\u00bb src=\u00a0\u00bbhttp:\/\/myprods.fr\/wp-content\/uploads\/2016\/01\/MyprodsVerticalWide1.jpg\u00a0\u00bb alt=\u00a0\u00bbMyProds Studio Vertical Wide Shot\u00a0\u00bb show_in_lightbox=\u00a0\u00bboff\u00a0\u00bb url_new_window=\u00a0\u00bboff\u00a0\u00bb animation=\u00a0\u00bbfade_in\u00a0\u00bb sticky=\u00a0\u00bboff\u00a0\u00bb align=\u00a0\u00bbleft\u00a0\u00bb force_fullwidth=\u00a0\u00bboff\u00a0\u00bb always_center_on_mobile=\u00a0\u00bbon\u00a0\u00bb use_border_color=\u00a0\u00bboff\u00a0\u00bb border_color=\u00a0\u00bb#ffffff\u00a0\u00bb border_style=\u00a0\u00bbsolid\u00a0\u00bb]<\/p>\n<p>[\/et_pb_image][\/et_pb_column][\/et_pb_row][et_pb_row admin_label=\u00a0\u00bbLigne\u00a0\u00bb][et_pb_column type=\u00a0\u00bb4_4&Prime;][et_pb_text admin_label=\u00a0\u00bbTexte\u00a0\u00bb background_layout=\u00a0\u00bblight\u00a0\u00bb text_orientation=\u00a0\u00bbleft\u00a0\u00bb text_font_size=\u00a0\u00bb14&Prime; use_border_color=\u00a0\u00bboff\u00a0\u00bb border_color=\u00a0\u00bb#ffffff\u00a0\u00bb border_style=\u00a0\u00bbsolid\u00a0\u00bb]<\/p>\n<p>Au mastering, il est possible de traiter le signal St\u00e9r\u00e9o (Gauche et Droite) ou le signal Centre\/Cot\u00e9s (Gauche+Droite et Gauche-Droite). Cette derni\u00e8re m\u00e9thode, appel\u00e9e M\/S Mastering est tr\u00e8s puissante pour jouer sur la largeur st\u00e9r\u00e9o de votre musique, ou pour masteriser de la musique destin\u00e9e \u00e0 \u00eatre grav\u00e9e sur Vinyles.<br \/> En effet, le d\u00e9placement lat\u00e9ral de l&rsquo;aiguille sur un vinyle correspond \u00e0 l&rsquo;information \u00ab\u00a0Gauche+Droite\u00a0\u00bb, et son d\u00e9placement vertical contient l&rsquo;information \u00ab\u00a0Gauche-Droite\u00a0\u00bb.<br \/> Le fait de bien g\u00e9rer ces deux informations permet d&rsquo;avoir une aiguille qui se d\u00e9place de mani\u00e8re fluide, et donc un son de qualit\u00e9.<\/p>\n<p>Il est int\u00e9ressant d&rsquo;ins\u00e9rer dans la chaine de mastering des p\u00e9riph\u00e9riques (\u00e9galiseurs ou compresseurs) \u00e9quip\u00e9s de lampes ou de transformateurs, ce qui permet d&rsquo;enrichir le contenu harmonique du son. On per\u00e7oit alors un son plus \u00e9pais.<\/p>\n<p>[\/et_pb_text][\/et_pb_column][\/et_pb_row][et_pb_row admin_label=\u00a0\u00bbLigne\u00a0\u00bb][et_pb_column type=\u00a0\u00bb4_4&Prime;][et_pb_text admin_label=\u00a0\u00bbTexte\u00a0\u00bb background_layout=\u00a0\u00bblight\u00a0\u00bb text_orientation=\u00a0\u00bbleft\u00a0\u00bb text_font_size=\u00a0\u00bb14&Prime; use_border_color=\u00a0\u00bboff\u00a0\u00bb border_color=\u00a0\u00bb#ffffff\u00a0\u00bb border_style=\u00a0\u00bbsolid\u00a0\u00bb disabled=\u00a0\u00bbon\u00a0\u00bb]<\/p>\n<h1 style=\"text-align: center;\">Qu\u2019est-ce que le mastering ?<\/h1>\n<p>Le mastering a pour r\u00f4le d&rsquo;optimiser les pistes d&rsquo;un album en termes de couleur (\u00e9quilibre entre les bandes de fr\u00e9quences), de compacit\u00e9 dynamique (perception relative des attaques et des sons tenus) et de volume RMS (\u00e9nergie \u00e9mise par les enceintes pour un d\u00e9placement cr\u00eate donn\u00e9).<\/p>\n<p>Chez Myprods, nous utilisons dans la plupart des cas une m\u00e9thode tr\u00e8s classique de mastering, en trois \u00e9tapes :<\/p>\n<h2>1) L&rsquo;\u00e9galisation<\/h2>\n<p>L&rsquo;\u00e9galisation au mastering permet de modifier la couleur de votre mixage, de sorte \u00e0 donner une sensation de son plus ouvert.<\/p>\n<h2>2) La compression analogique<\/h2>\n<p>La compression au mastering permet de cr\u00e9er un liant entre les pistes mix\u00e9es.<\/p>\n<p>D&rsquo;un ensemble d&rsquo;instruments superpos\u00e9s, on obtient une sensation de groupe qui joue.<\/p>\n<p>On utilise souvent deux voire trois compresseurs en s\u00e9rie, chaque \u00e9tape apportant sa petite touche au son.<\/p>\n<p>Une technique fr\u00e9quemment utilis\u00e9e en mastering est la \u00ab\u00a0Compression Parall\u00e8le\u00a0\u00bb. Elle consiste \u00e0 mixer le son compress\u00e9 et le son<br \/> non compress\u00e9. Cette technique permet d&rsquo;avoir un bon compromis entre punch per\u00e7u et douceur du son.<\/p>\n<h2>3) La limitation num\u00e9rique<\/h2>\n<p>La limitation permet de monter le volume per\u00e7u de votre musique. Le principe est de r\u00e9duire les pics de volume, pour ensuite appliquer un gain positif au son global. Il existe deux techniques de limitation num\u00e9rique :<\/p>\n<ul>\n<li>le hard clipping : on sature l\u00e9g\u00e8rement l&rsquo;entr\u00e9e des convertisseurs A\/N en bout de la chaine de mastering, ce qui provoque naturellement un \u00e9cr\u00eatage anguleux. Cette technique n&rsquo;est valable qu&rsquo;avec des convertisseurs de haute qualit\u00e9 (PrismSound,Lavry Gold, etc.),<\/li>\n<li>le soft clipping : dans ce cas, c&rsquo;est un logiciel ou un hardware sp\u00e9cifique qui \u00e9cr\u00eate le signal. La fonction look-ahead (capacit\u00e9 d&rsquo;analyser le signal par anticipation) permet alors de r\u00e9agir de mani\u00e8re plus douce et de ma\u00eetriser la courbe de r\u00e9duction de gain.<\/li>\n<\/ul>\n<p>Au mastering, il est possible de traiter le signal St\u00e9r\u00e9o (Gauche et Droite) ou le signal Centre\/Cot\u00e9s (Gauche+Droite et Gauche-Droite). Cette derni\u00e8re m\u00e9thode, appel\u00e9e M\/S Mastering est tr\u00e8s puissante pour jouer sur la largeur st\u00e9r\u00e9o de votre musique, ou pour masteriser de la musique destin\u00e9e \u00e0 \u00eatre grav\u00e9e sur Vinyles.<br \/> En effet, le d\u00e9placement lat\u00e9ral de l&rsquo;aiguille sur un vinyle correspond \u00e0 l&rsquo;information \u00ab\u00a0Gauche+Droite\u00a0\u00bb, et son d\u00e9placement vertical contient l&rsquo;information \u00ab\u00a0Gauche-Droite\u00a0\u00bb.<br \/> Le fait de bien g\u00e9rer ces deux informations permet d&rsquo;avoir une aiguille qui se d\u00e9place de mani\u00e8re fluide, et donc un son de qualit\u00e9.<\/p>\n<p>Il est int\u00e9ressant d&rsquo;ins\u00e9rer dans la chaine de mastering des p\u00e9riph\u00e9riques (\u00e9galiseurs ou compresseurs) \u00e9quip\u00e9s de lampes ou de transformateurs, ce qui permet d&rsquo;enrichir le contenu harmonique du son. On per\u00e7oit alors un son plus \u00e9pais.<\/p>\n<p>[\/et_pb_text][\/et_pb_column][\/et_pb_row][\/et_pb_section]<\/p>\n","protected":false},"excerpt":{"rendered":"<p>Qu\u2019est-ce que le mastering ?Le mastering a pour r\u00f4le d&rsquo;optimiser les pistes d&rsquo;un album en termes de couleur (\u00e9quilibre entre les bandes de fr\u00e9quences), de compacit\u00e9 dynamique (perception relative des attaques et des sons tenus) et de volume RMS (\u00e9nergie \u00e9mise par les enceintes pour un d\u00e9placement cr\u00eate donn\u00e9).Chez Myprods, nous utilisons dans la plupart [&hellip;]<\/p>\n","protected":false},"author":1,"featured_media":0,"parent":71,"menu_order":0,"comment_status":"closed","ping_status":"closed","template":"","meta":{"_et_pb_use_builder":"on","_et_pb_old_content":"","_et_gb_content_width":"","footnotes":""},"class_list":["post-73","page","type-page","status-publish","hentry"],"_links":{"self":[{"href":"https:\/\/myprods.fr\/index.php\/wp-json\/wp\/v2\/pages\/73","targetHints":{"allow":["GET"]}}],"collection":[{"href":"https:\/\/myprods.fr\/index.php\/wp-json\/wp\/v2\/pages"}],"about":[{"href":"https:\/\/myprods.fr\/index.php\/wp-json\/wp\/v2\/types\/page"}],"author":[{"embeddable":true,"href":"https:\/\/myprods.fr\/index.php\/wp-json\/wp\/v2\/users\/1"}],"replies":[{"embeddable":true,"href":"https:\/\/myprods.fr\/index.php\/wp-json\/wp\/v2\/comments?post=73"}],"version-history":[{"count":16,"href":"https:\/\/myprods.fr\/index.php\/wp-json\/wp\/v2\/pages\/73\/revisions"}],"predecessor-version":[{"id":399,"href":"https:\/\/myprods.fr\/index.php\/wp-json\/wp\/v2\/pages\/73\/revisions\/399"}],"up":[{"embeddable":true,"href":"https:\/\/myprods.fr\/index.php\/wp-json\/wp\/v2\/pages\/71"}],"wp:attachment":[{"href":"https:\/\/myprods.fr\/index.php\/wp-json\/wp\/v2\/media?parent=73"}],"curies":[{"name":"wp","href":"https:\/\/api.w.org\/{rel}","templated":true}]}}