{"id":85,"date":"2016-01-23T18:11:08","date_gmt":"2016-01-23T17:11:08","guid":{"rendered":"http:\/\/myprods.fr\/?page_id=85"},"modified":"2016-02-26T11:54:03","modified_gmt":"2016-02-26T10:54:03","slug":"mixage-et-mastering","status":"publish","type":"page","link":"https:\/\/myprods.fr\/index.php\/services\/mixage-et-mastering\/","title":{"rendered":"Mixage et Mastering"},"content":{"rendered":"<p>[et_pb_section admin_label=\u00a0\u00bbsection\u00a0\u00bb transparent_background=\u00a0\u00bboff\u00a0\u00bb background_color=\u00a0\u00bb#eeeeee\u00a0\u00bb allow_player_pause=\u00a0\u00bboff\u00a0\u00bb inner_shadow=\u00a0\u00bboff\u00a0\u00bb parallax=\u00a0\u00bboff\u00a0\u00bb parallax_method=\u00a0\u00bboff\u00a0\u00bb padding_mobile=\u00a0\u00bboff\u00a0\u00bb make_fullwidth=\u00a0\u00bboff\u00a0\u00bb use_custom_width=\u00a0\u00bboff\u00a0\u00bb width_unit=\u00a0\u00bbon\u00a0\u00bb make_equal=\u00a0\u00bboff\u00a0\u00bb use_custom_gutter=\u00a0\u00bboff\u00a0\u00bb gutter_width=\u00a0\u00bb3&Prime;][et_pb_row admin_label=\u00a0\u00bbrow\u00a0\u00bb][et_pb_column type=\u00a0\u00bb4_4&Prime;][et_pb_text admin_label=\u00a0\u00bbTexte\u00a0\u00bb background_layout=\u00a0\u00bblight\u00a0\u00bb text_orientation=\u00a0\u00bbleft\u00a0\u00bb text_font_size=\u00a0\u00bb14&Prime; use_border_color=\u00a0\u00bboff\u00a0\u00bb border_color=\u00a0\u00bb#ffffff\u00a0\u00bb border_style=\u00a0\u00bbsolid\u00a0\u00bb]<\/p>\n<h1 style=\"text-align: center;\">Mixage et Mastering<\/h1>\n<p>Aucun compromis n&rsquo;a \u00e9t\u00e9 fait dans le choix mat\u00e9riel disponible au Studio MyProds. La configuration a \u00e9t\u00e9 murie pendant plusieurs ann\u00e9es afin d&rsquo;obtenir le meilleur r\u00e9sultat possible :<\/p>\n<p>&nbsp;<\/p>\n<ul>\n<li>Ecoute NHT Pro A20 + 2 ampli mono NHT + SPL Volume2,<\/li>\n<li>Ecoute B&amp;W 805 + ampli Rotel RA-1060,<\/li>\n<li>Convertisseurs PrismSound ADA8-XR,<\/li>\n<li>Egaliseur Manley Massive Passive,<\/li>\n<li>Compresseur Manley Varimu (Mastering Edition),<\/li>\n<li>Compresseur Manley Slam (Mastering Edition),<\/li>\n<li>C\u00e2blage int\u00e9gralement en Vovox Sonorus Direct.<\/li>\n<\/ul>\n<p>[\/et_pb_text][et_pb_image admin_label=\u00a0\u00bbImage\u00a0\u00bb src=\u00a0\u00bbhttp:\/\/myprods.fr\/wp-content\/uploads\/2016\/01\/VinceGoYanSmith.png\u00a0\u00bb alt=\u00a0\u00bbVince Go and Yan Smith\u00a0\u00bb show_in_lightbox=\u00a0\u00bboff\u00a0\u00bb url_new_window=\u00a0\u00bboff\u00a0\u00bb animation=\u00a0\u00bboff\u00a0\u00bb sticky=\u00a0\u00bboff\u00a0\u00bb align=\u00a0\u00bbcenter\u00a0\u00bb force_fullwidth=\u00a0\u00bboff\u00a0\u00bb always_center_on_mobile=\u00a0\u00bbon\u00a0\u00bb use_border_color=\u00a0\u00bboff\u00a0\u00bb border_color=\u00a0\u00bb#ffffff\u00a0\u00bb border_style=\u00a0\u00bbsolid\u00a0\u00bb] [\/et_pb_image][\/et_pb_column][\/et_pb_row][\/et_pb_section]<\/p>\n","protected":false},"excerpt":{"rendered":"<p>Mixage et Mastering Aucun compromis n&rsquo;a \u00e9t\u00e9 fait dans le choix mat\u00e9riel disponible au Studio MyProds. La configuration a \u00e9t\u00e9 murie pendant plusieurs ann\u00e9es afin d&rsquo;obtenir le meilleur r\u00e9sultat possible : &nbsp; Ecoute NHT Pro A20 + 2 ampli mono NHT + SPL Volume2, Ecoute B&amp;W 805 + ampli Rotel RA-1060, Convertisseurs PrismSound ADA8-XR, Egaliseur [&hellip;]<\/p>\n","protected":false},"author":1,"featured_media":0,"parent":81,"menu_order":0,"comment_status":"closed","ping_status":"closed","template":"","meta":{"_et_pb_use_builder":"on","_et_pb_old_content":"","_et_gb_content_width":"","footnotes":""},"class_list":["post-85","page","type-page","status-publish","hentry"],"_links":{"self":[{"href":"https:\/\/myprods.fr\/index.php\/wp-json\/wp\/v2\/pages\/85","targetHints":{"allow":["GET"]}}],"collection":[{"href":"https:\/\/myprods.fr\/index.php\/wp-json\/wp\/v2\/pages"}],"about":[{"href":"https:\/\/myprods.fr\/index.php\/wp-json\/wp\/v2\/types\/page"}],"author":[{"embeddable":true,"href":"https:\/\/myprods.fr\/index.php\/wp-json\/wp\/v2\/users\/1"}],"replies":[{"embeddable":true,"href":"https:\/\/myprods.fr\/index.php\/wp-json\/wp\/v2\/comments?post=85"}],"version-history":[{"count":16,"href":"https:\/\/myprods.fr\/index.php\/wp-json\/wp\/v2\/pages\/85\/revisions"}],"predecessor-version":[{"id":503,"href":"https:\/\/myprods.fr\/index.php\/wp-json\/wp\/v2\/pages\/85\/revisions\/503"}],"up":[{"embeddable":true,"href":"https:\/\/myprods.fr\/index.php\/wp-json\/wp\/v2\/pages\/81"}],"wp:attachment":[{"href":"https:\/\/myprods.fr\/index.php\/wp-json\/wp\/v2\/media?parent=85"}],"curies":[{"name":"wp","href":"https:\/\/api.w.org\/{rel}","templated":true}]}}